{"id":332,"date":"2015-05-18T17:28:42","date_gmt":"2015-05-18T16:28:42","guid":{"rendered":"https:\/\/www.sefabrication.com\/?page_id=332"},"modified":"2016-05-03T16:25:37","modified_gmt":"2016-05-03T15:25:37","slug":"rental","status":"publish","type":"page","link":"https:\/\/www.sefabrication.com\/en\/rental\/","title":{"rendered":"Rental"},"content":{"rendered":"","protected":false},"excerpt":{"rendered":"","protected":false},"author":1,"featured_media":1415,"parent":0,"menu_order":0,"comment_status":"closed","ping_status":"closed","template":"page-location.php","meta":{"footnotes":""},"class_list":["post-332","page","type-page","status-publish","has-post-thumbnail","hentry"],"yoast_head":"<!-- This site is optimized with the Yoast SEO plugin v21.2 - https:\/\/yoast.com\/wordpress\/plugins\/seo\/ -->\n<title>Stage Equipment and Rehearsal Space Rental - Sc\u00e8ne \u00c9thique<\/title>\n<meta name=\"description\" content=\"Sc\u00e8ne \u00c9thique provides rental standard stage systems and grandstands. You can also rent our 12,000 square feet studio for rehearsals and shootings.\" \/>\n<meta name=\"robots\" content=\"index, follow, max-snippet:-1, max-image-preview:large, max-video-preview:-1\" \/>\n<link rel=\"canonical\" href=\"https:\/\/www.sefabrication.com\/en\/rental\/\" \/>\n<meta property=\"og:locale\" content=\"en_US\" \/>\n<meta property=\"og:type\" content=\"article\" \/>\n<meta property=\"og:title\" content=\"Stage Equipment and Rehearsal Space Rental - Sc\u00e8ne \u00c9thique\" \/>\n<meta property=\"og:description\" content=\"Sc\u00e8ne \u00c9thique provides rental standard stage systems and grandstands. You can also rent our 12,000 square feet studio for rehearsals and shootings.\" \/>\n<meta property=\"og:url\" content=\"https:\/\/www.sefabrication.com\/en\/rental\/\" \/>\n<meta property=\"og:site_name\" content=\"Sc\u00e8ne \u00c9thique\" \/>\n<meta property=\"article:modified_time\" content=\"2016-05-03T15:25:37+00:00\" \/>\n<meta property=\"og:image\" content=\"http:\/\/www.sefabrication.com\/wp-content\/uploads\/2016\/03\/IMAG2701.jpg\" \/>\n<meta name=\"twitter:card\" content=\"summary_large_image\" \/>\n<meta name=\"twitter:title\" content=\"Stage Equipment and Rehearsal Space Rental - Sc\u00e8ne \u00c9thique\" \/>\n<meta name=\"twitter:description\" content=\"Sc\u00e8ne \u00c9thique provides rental standard stage systems and grandstands. You can also rent our 12,000 square feet studio for rehearsals and shootings.\" \/>\n<meta name=\"twitter:image\" content=\"http:\/\/www.sefabrication.com\/wp-content\/uploads\/2016\/03\/IMAG2701.jpg\" \/>\n<script type=\"application\/ld+json\" class=\"yoast-schema-graph\">{\"@context\":\"https:\/\/schema.org\",\"@graph\":[{\"@type\":\"WebPage\",\"@id\":\"https:\/\/www.sefabrication.com\/en\/rental\/\",\"url\":\"https:\/\/www.sefabrication.com\/en\/rental\/\",\"name\":\"Stage Equipment and Rehearsal Space Rental - Sc\u00e8ne \u00c9thique\",\"isPartOf\":{\"@id\":\"https:\/\/www.sefabrication.com\/#website\"},\"datePublished\":\"2015-05-18T16:28:42+00:00\",\"dateModified\":\"2016-05-03T15:25:37+00:00\",\"description\":\"Sc\u00e8ne \u00c9thique provides rental standard stage systems and grandstands. You can also rent our 12,000 square feet studio for rehearsals and shootings.\",\"breadcrumb\":{\"@id\":\"https:\/\/www.sefabrication.com\/en\/rental\/#breadcrumb\"},\"inLanguage\":\"en-US\",\"potentialAction\":[{\"@type\":\"ReadAction\",\"target\":[\"https:\/\/www.sefabrication.com\/en\/rental\/\"]}]},{\"@type\":\"BreadcrumbList\",\"@id\":\"https:\/\/www.sefabrication.com\/en\/rental\/#breadcrumb\",\"itemListElement\":[{\"@type\":\"ListItem\",\"position\":1,\"name\":\"Accueil\",\"item\":\"https:\/\/www.sefabrication.com\/en\/\"},{\"@type\":\"ListItem\",\"position\":2,\"name\":\"Rental\"}]},{\"@type\":\"WebSite\",\"@id\":\"https:\/\/www.sefabrication.com\/#website\",\"url\":\"https:\/\/www.sefabrication.com\/\",\"name\":\"Sc\u00e8ne \u00c9thique\",\"description\":\"A division of Stageline\",\"publisher\":{\"@id\":\"https:\/\/www.sefabrication.com\/#organization\"},\"potentialAction\":[{\"@type\":\"SearchAction\",\"target\":{\"@type\":\"EntryPoint\",\"urlTemplate\":\"https:\/\/www.sefabrication.com\/?s={search_term_string}\"},\"query-input\":\"required name=search_term_string\"}],\"inLanguage\":\"en-US\"},{\"@type\":\"Organization\",\"@id\":\"https:\/\/www.sefabrication.com\/#organization\",\"name\":\"Sc\u00e8ne \u00c9thique\",\"url\":\"https:\/\/www.sefabrication.com\/\",\"logo\":{\"@type\":\"ImageObject\",\"inLanguage\":\"en-US\",\"@id\":\"https:\/\/www.sefabrication.com\/#\/schema\/logo\/image\/\",\"url\":\"https:\/\/www.sefabrication.com\/wp-content\/uploads\/2025\/05\/Logo-SE_FRA_courriel_noir-v2-1.png\",\"contentUrl\":\"https:\/\/www.sefabrication.com\/wp-content\/uploads\/2025\/05\/Logo-SE_FRA_courriel_noir-v2-1.png\",\"width\":1050,\"height\":300,\"caption\":\"Sc\u00e8ne \u00c9thique\"},\"image\":{\"@id\":\"https:\/\/www.sefabrication.com\/#\/schema\/logo\/image\/\"}}]}<\/script>\n<!-- \/ Yoast SEO plugin. -->","yoast_head_json":{"title":"Stage Equipment and Rehearsal Space Rental - Sc\u00e8ne \u00c9thique","description":"Sc\u00e8ne \u00c9thique provides rental standard stage systems and grandstands. You can also rent our 12,000 square feet studio for rehearsals and shootings.","robots":{"index":"index","follow":"follow","max-snippet":"max-snippet:-1","max-image-preview":"max-image-preview:large","max-video-preview":"max-video-preview:-1"},"canonical":"https:\/\/www.sefabrication.com\/en\/rental\/","og_locale":"en_US","og_type":"article","og_title":"Stage Equipment and Rehearsal Space Rental - Sc\u00e8ne \u00c9thique","og_description":"Sc\u00e8ne \u00c9thique provides rental standard stage systems and grandstands. You can also rent our 12,000 square feet studio for rehearsals and shootings.","og_url":"https:\/\/www.sefabrication.com\/en\/rental\/","og_site_name":"Sc\u00e8ne \u00c9thique","article_modified_time":"2016-05-03T15:25:37+00:00","og_image":[{"url":"http:\/\/www.sefabrication.com\/wp-content\/uploads\/2016\/03\/IMAG2701.jpg"}],"twitter_card":"summary_large_image","twitter_title":"Stage Equipment and Rehearsal Space Rental - Sc\u00e8ne \u00c9thique","twitter_description":"Sc\u00e8ne \u00c9thique provides rental standard stage systems and grandstands. You can also rent our 12,000 square feet studio for rehearsals and shootings.","twitter_image":"http:\/\/www.sefabrication.com\/wp-content\/uploads\/2016\/03\/IMAG2701.jpg","schema":{"@context":"https:\/\/schema.org","@graph":[{"@type":"WebPage","@id":"https:\/\/www.sefabrication.com\/en\/rental\/","url":"https:\/\/www.sefabrication.com\/en\/rental\/","name":"Stage Equipment and Rehearsal Space Rental - Sc\u00e8ne \u00c9thique","isPartOf":{"@id":"https:\/\/www.sefabrication.com\/#website"},"datePublished":"2015-05-18T16:28:42+00:00","dateModified":"2016-05-03T15:25:37+00:00","description":"Sc\u00e8ne \u00c9thique provides rental standard stage systems and grandstands. You can also rent our 12,000 square feet studio for rehearsals and shootings.","breadcrumb":{"@id":"https:\/\/www.sefabrication.com\/en\/rental\/#breadcrumb"},"inLanguage":"en-US","potentialAction":[{"@type":"ReadAction","target":["https:\/\/www.sefabrication.com\/en\/rental\/"]}]},{"@type":"BreadcrumbList","@id":"https:\/\/www.sefabrication.com\/en\/rental\/#breadcrumb","itemListElement":[{"@type":"ListItem","position":1,"name":"Accueil","item":"https:\/\/www.sefabrication.com\/en\/"},{"@type":"ListItem","position":2,"name":"Rental"}]},{"@type":"WebSite","@id":"https:\/\/www.sefabrication.com\/#website","url":"https:\/\/www.sefabrication.com\/","name":"Sc\u00e8ne \u00c9thique","description":"A division of Stageline","publisher":{"@id":"https:\/\/www.sefabrication.com\/#organization"},"potentialAction":[{"@type":"SearchAction","target":{"@type":"EntryPoint","urlTemplate":"https:\/\/www.sefabrication.com\/?s={search_term_string}"},"query-input":"required name=search_term_string"}],"inLanguage":"en-US"},{"@type":"Organization","@id":"https:\/\/www.sefabrication.com\/#organization","name":"Sc\u00e8ne \u00c9thique","url":"https:\/\/www.sefabrication.com\/","logo":{"@type":"ImageObject","inLanguage":"en-US","@id":"https:\/\/www.sefabrication.com\/#\/schema\/logo\/image\/","url":"https:\/\/www.sefabrication.com\/wp-content\/uploads\/2025\/05\/Logo-SE_FRA_courriel_noir-v2-1.png","contentUrl":"https:\/\/www.sefabrication.com\/wp-content\/uploads\/2025\/05\/Logo-SE_FRA_courriel_noir-v2-1.png","width":1050,"height":300,"caption":"Sc\u00e8ne \u00c9thique"},"image":{"@id":"https:\/\/www.sefabrication.com\/#\/schema\/logo\/image\/"}}]}},"_links":{"self":[{"href":"https:\/\/www.sefabrication.com\/en\/wp-json\/wp\/v2\/pages\/332","targetHints":{"allow":["GET"]}}],"collection":[{"href":"https:\/\/www.sefabrication.com\/en\/wp-json\/wp\/v2\/pages"}],"about":[{"href":"https:\/\/www.sefabrication.com\/en\/wp-json\/wp\/v2\/types\/page"}],"author":[{"embeddable":true,"href":"https:\/\/www.sefabrication.com\/en\/wp-json\/wp\/v2\/users\/1"}],"replies":[{"embeddable":true,"href":"https:\/\/www.sefabrication.com\/en\/wp-json\/wp\/v2\/comments?post=332"}],"version-history":[{"count":5,"href":"https:\/\/www.sefabrication.com\/en\/wp-json\/wp\/v2\/pages\/332\/revisions"}],"predecessor-version":[{"id":1551,"href":"https:\/\/www.sefabrication.com\/en\/wp-json\/wp\/v2\/pages\/332\/revisions\/1551"}],"wp:featuredmedia":[{"embeddable":true,"href":"https:\/\/www.sefabrication.com\/en\/wp-json\/wp\/v2\/media\/1415"}],"wp:attachment":[{"href":"https:\/\/www.sefabrication.com\/en\/wp-json\/wp\/v2\/media?parent=332"}],"curies":[{"name":"wp","href":"https:\/\/api.w.org\/{rel}","templated":true}]}}